{"id":85,"date":"2022-01-11T23:54:19","date_gmt":"2022-01-11T23:54:19","guid":{"rendered":"https:\/\/servicio-industrial.com\/es\/?page_id=85"},"modified":"2022-01-12T21:58:03","modified_gmt":"2022-01-12T21:58:03","slug":"contacto","status":"publish","type":"page","link":"https:\/\/servicio-industrial.com\/es\/contacto\/","title":{"rendered":"Contacto"},"content":{"rendered":"\n<p class=\"has-large-font-size\">\u00a1Cotiza con nosotros!<\/p>\n\n\n\n<p class=\"has-medium-font-size\"><strong>Ventas:<\/strong><\/p>\n\n\n\n<p>Lic. Mauricio Aguirre<\/p>\n\n\n\n<p>81 1667 5953 \/ 81 1911 7032<\/p>\n\n\n\n<p>mauricio@servicio-industrial.com<\/p>\n\n\n\n<hr class=\"wp-block-separator is-style-wide\"\/>\n\n\n\n<iframe src=\"https:\/\/www.google.com\/maps\/embed?pb=!1m18!1m12!1m3!1d3592.3490674524396!2d-100.29877976098892!3d25.792055645289185!2m3!1f0!2f0!3f0!3m2!1i1024!2i768!4f13.1!3m3!1m2!1s0x86629373163f78d5%3A0x987203d52d09b8cb!2sMelchor%20Ocampo%20406%2C%20L%C3%A1zaro%20C%C3%A1rdenas%2C%2066053%20Cd%20Gral%20Escobedo%2C%20N.L.!5e0!3m2!1ses-419!2smx!4v1642011561148!5m2!1ses-419!2smx\" width=\"900\" height=\"300\" style=\"border:0;\" allowfullscreen=\"\" loading=\"lazy\"><\/iframe>\n\n\n\n<div class=\"wp-block-columns\">\n<div class=\"wp-block-column\">\n<p><strong>Direcci\u00f3n:<\/strong><\/p>\n\n\n\n<p>Ocampo #406, Col. Ampl. L\u00e1zaro Cardenas,                        Escobedo, Nuevo Le\u00f3n, M\u00e9xico.<\/p>\n<\/div>\n\n\n\n<div class=\"wp-block-column\">\n<p><strong>Horarios:<\/strong><\/p>\n\n\n\n<p>Lunes a Viernes: 7:30 &#8211; 18:00<\/p>\n\n\n\n<p>Sabado: 7:30 &#8211; 16:00<\/p>\n<\/div>\n<\/div>\n\n\n\n<hr class=\"wp-block-separator is-style-wide\"\/>\n\n\n\n<p class=\"has-medium-font-size\"><strong>Env\u00edanos un mensaje:<\/strong><\/p>\n\n\n\n<div class=\"wp-block-contact-form-7-contact-form-selector\"><div role=\"form\" class=\"wpcf7\" id=\"wpcf7-f63-o1\" lang=\"es-ES\" dir=\"ltr\">\n<div class=\"screen-reader-response\"><p role=\"status\" aria-live=\"polite\" aria-atomic=\"true\"><\/p> <ul><\/ul><\/div>\n<form action=\"\/es\/wp-json\/wp\/v2\/pages\/85#wpcf7-f63-o1\" method=\"post\" class=\"wpcf7-form init\" novalidate=\"novalidate\" data-status=\"init\">\n<div style=\"display: none;\">\n<input type=\"hidden\" name=\"_wpcf7\" value=\"63\" \/>\n<input type=\"hidden\" name=\"_wpcf7_version\" value=\"5.5.3\" \/>\n<input type=\"hidden\" name=\"_wpcf7_locale\" value=\"es_ES\" \/>\n<input type=\"hidden\" name=\"_wpcf7_unit_tag\" value=\"wpcf7-f63-o1\" \/>\n<input type=\"hidden\" name=\"_wpcf7_container_post\" value=\"0\" \/>\n<input type=\"hidden\" name=\"_wpcf7_posted_data_hash\" value=\"\" \/>\n<\/div>\n<p><label> Nombre<br \/>\n    <span class=\"wpcf7-form-control-wrap your-name\"><input type=\"text\" name=\"your-name\" value=\"\" size=\"40\" class=\"wpcf7-form-control wpcf7-text wpcf7-validates-as-required\" aria-required=\"true\" aria-invalid=\"false\" \/><\/span> <\/label><\/p>\n<p><label> Email<br \/>\n    <span class=\"wpcf7-form-control-wrap your-email\"><input type=\"email\" name=\"your-email\" value=\"\" size=\"40\" class=\"wpcf7-form-control wpcf7-text wpcf7-email wpcf7-validates-as-required wpcf7-validates-as-email\" aria-required=\"true\" aria-invalid=\"false\" \/><\/span> <\/label><\/p>\n<p><label> Celular (opcional)<br \/>\n    <span class=\"wpcf7-form-control-wrap your-subject\"><input type=\"text\" name=\"your-subject\" value=\"\" size=\"40\" class=\"wpcf7-form-control wpcf7-text wpcf7-validates-as-required\" aria-required=\"true\" aria-invalid=\"false\" \/><\/span> <\/label><\/p>\n<p><label> Tu mensaje (opcional)<br \/>\n    <span class=\"wpcf7-form-control-wrap your-message\"><textarea name=\"your-message\" cols=\"40\" rows=\"10\" class=\"wpcf7-form-control wpcf7-textarea\" aria-invalid=\"false\"><\/textarea><\/span> <\/label><\/p>\n<p><input type=\"submit\" value=\"\u00a1Enviar!\" class=\"wpcf7-form-control has-spinner wpcf7-submit\" \/><\/p>\n<div class=\"wpcf7-response-output\" aria-hidden=\"true\"><\/div><\/form><\/div><\/div>\n\n\n\n<p><\/p>\n","protected":false},"excerpt":{"rendered":"<p>\u00a1Cotiza con nosotros! Ventas: Lic. Mauricio Aguirre 81 1667 5953 \/ 81 1911 7032 mauricio@servicio-industrial.com Direcci\u00f3n: Ocampo #406, Col. Ampl. L\u00e1zaro Cardenas, Escobedo, Nuevo Le\u00f3n, &hellip; <\/p>\n","protected":false},"author":2,"featured_media":0,"parent":0,"menu_order":0,"comment_status":"closed","ping_status":"closed","template":"","meta":[],"yoast_head":"<!-- This site is optimized with the Yoast SEO plugin v17.9 - https:\/\/yoast.com\/wordpress\/plugins\/seo\/ -->\n<title>Contacto - Servicio Industrial Transportadores<\/title>\n<meta name=\"robots\" content=\"index, follow, max-snippet:-1, max-image-preview:large, max-video-preview:-1\" \/>\n<link rel=\"canonical\" href=\"https:\/\/servicio-industrial.com\/es\/contacto\/\" \/>\n<meta property=\"og:locale\" content=\"es_ES\" \/>\n<meta property=\"og:type\" content=\"article\" \/>\n<meta property=\"og:title\" content=\"Contacto - Servicio Industrial Transportadores\" \/>\n<meta property=\"og:description\" content=\"\u00a1Cotiza con nosotros! Ventas: Lic. Mauricio Aguirre 81 1667 5953 \/ 81 1911 7032 mauricio@servicio-industrial.com Direcci\u00f3n: Ocampo #406, Col. Ampl. L\u00e1zaro Cardenas, Escobedo, Nuevo Le\u00f3n, &hellip;\" \/>\n<meta property=\"og:url\" content=\"https:\/\/servicio-industrial.com\/es\/contacto\/\" \/>\n<meta property=\"og:site_name\" content=\"Servicio Industrial Transportadores\" \/>\n<meta property=\"article:modified_time\" content=\"2022-01-12T21:58:03+00:00\" \/>\n<meta name=\"twitter:card\" content=\"summary_large_image\" \/>\n<meta name=\"twitter:label1\" content=\"Tiempo de lectura\" \/>\n\t<meta name=\"twitter:data1\" content=\"1 minuto\" \/>\n<script type=\"application\/ld+json\" class=\"yoast-schema-graph\">{\"@context\":\"https:\/\/schema.org\",\"@graph\":[{\"@type\":\"WebSite\",\"@id\":\"https:\/\/servicio-industrial.com\/es\/#website\",\"url\":\"https:\/\/servicio-industrial.com\/es\/\",\"name\":\"Servicio Industrial Transportadores\",\"description\":\"\",\"potentialAction\":[{\"@type\":\"SearchAction\",\"target\":{\"@type\":\"EntryPoint\",\"urlTemplate\":\"https:\/\/servicio-industrial.com\/es\/?s={search_term_string}\"},\"query-input\":\"required name=search_term_string\"}],\"inLanguage\":\"es\"},{\"@type\":\"WebPage\",\"@id\":\"https:\/\/servicio-industrial.com\/es\/contacto\/#webpage\",\"url\":\"https:\/\/servicio-industrial.com\/es\/contacto\/\",\"name\":\"Contacto - Servicio Industrial Transportadores\",\"isPartOf\":{\"@id\":\"https:\/\/servicio-industrial.com\/es\/#website\"},\"datePublished\":\"2022-01-11T23:54:19+00:00\",\"dateModified\":\"2022-01-12T21:58:03+00:00\",\"breadcrumb\":{\"@id\":\"https:\/\/servicio-industrial.com\/es\/contacto\/#breadcrumb\"},\"inLanguage\":\"es\",\"potentialAction\":[{\"@type\":\"ReadAction\",\"target\":[\"https:\/\/servicio-industrial.com\/es\/contacto\/\"]}]},{\"@type\":\"BreadcrumbList\",\"@id\":\"https:\/\/servicio-industrial.com\/es\/contacto\/#breadcrumb\",\"itemListElement\":[{\"@type\":\"ListItem\",\"position\":1,\"name\":\"Portada\",\"item\":\"https:\/\/servicio-industrial.com\/es\/\"},{\"@type\":\"ListItem\",\"position\":2,\"name\":\"Contacto\"}]}]}<\/script>\n<!-- \/ Yoast SEO plugin. -->","yoast_head_json":{"title":"Contacto - Servicio Industrial Transportadores","robots":{"index":"index","follow":"follow","max-snippet":"max-snippet:-1","max-image-preview":"max-image-preview:large","max-video-preview":"max-video-preview:-1"},"canonical":"https:\/\/servicio-industrial.com\/es\/contacto\/","og_locale":"es_ES","og_type":"article","og_title":"Contacto - Servicio Industrial Transportadores","og_description":"\u00a1Cotiza con nosotros! Ventas: Lic. Mauricio Aguirre 81 1667 5953 \/ 81 1911 7032 mauricio@servicio-industrial.com Direcci\u00f3n: Ocampo #406, Col. Ampl. L\u00e1zaro Cardenas, Escobedo, Nuevo Le\u00f3n, &hellip;","og_url":"https:\/\/servicio-industrial.com\/es\/contacto\/","og_site_name":"Servicio Industrial Transportadores","article_modified_time":"2022-01-12T21:58:03+00:00","twitter_card":"summary_large_image","twitter_misc":{"Tiempo de lectura":"1 minuto"},"schema":{"@context":"https:\/\/schema.org","@graph":[{"@type":"WebSite","@id":"https:\/\/servicio-industrial.com\/es\/#website","url":"https:\/\/servicio-industrial.com\/es\/","name":"Servicio Industrial Transportadores","description":"","potentialAction":[{"@type":"SearchAction","target":{"@type":"EntryPoint","urlTemplate":"https:\/\/servicio-industrial.com\/es\/?s={search_term_string}"},"query-input":"required name=search_term_string"}],"inLanguage":"es"},{"@type":"WebPage","@id":"https:\/\/servicio-industrial.com\/es\/contacto\/#webpage","url":"https:\/\/servicio-industrial.com\/es\/contacto\/","name":"Contacto - Servicio Industrial Transportadores","isPartOf":{"@id":"https:\/\/servicio-industrial.com\/es\/#website"},"datePublished":"2022-01-11T23:54:19+00:00","dateModified":"2022-01-12T21:58:03+00:00","breadcrumb":{"@id":"https:\/\/servicio-industrial.com\/es\/contacto\/#breadcrumb"},"inLanguage":"es","potentialAction":[{"@type":"ReadAction","target":["https:\/\/servicio-industrial.com\/es\/contacto\/"]}]},{"@type":"BreadcrumbList","@id":"https:\/\/servicio-industrial.com\/es\/contacto\/#breadcrumb","itemListElement":[{"@type":"ListItem","position":1,"name":"Portada","item":"https:\/\/servicio-industrial.com\/es\/"},{"@type":"ListItem","position":2,"name":"Contacto"}]}]}},"_links":{"self":[{"href":"https:\/\/servicio-industrial.com\/es\/wp-json\/wp\/v2\/pages\/85"}],"collection":[{"href":"https:\/\/servicio-industrial.com\/es\/wp-json\/wp\/v2\/pages"}],"about":[{"href":"https:\/\/servicio-industrial.com\/es\/wp-json\/wp\/v2\/types\/page"}],"author":[{"embeddable":true,"href":"https:\/\/servicio-industrial.com\/es\/wp-json\/wp\/v2\/users\/2"}],"replies":[{"embeddable":true,"href":"https:\/\/servicio-industrial.com\/es\/wp-json\/wp\/v2\/comments?post=85"}],"version-history":[{"count":10,"href":"https:\/\/servicio-industrial.com\/es\/wp-json\/wp\/v2\/pages\/85\/revisions"}],"predecessor-version":[{"id":145,"href":"https:\/\/servicio-industrial.com\/es\/wp-json\/wp\/v2\/pages\/85\/revisions\/145"}],"wp:attachment":[{"href":"https:\/\/servicio-industrial.com\/es\/wp-json\/wp\/v2\/media?parent=85"}],"curies":[{"name":"wp","href":"https:\/\/api.w.org\/{rel}","templated":true}]}}