{"id":87,"date":"2022-01-11T23:54:45","date_gmt":"2022-01-11T23:54:45","guid":{"rendered":"https:\/\/servicio-industrial.com\/es\/?page_id=87"},"modified":"2022-01-12T19:51:08","modified_gmt":"2022-01-12T19:51:08","slug":"acerca-de-nosotros","status":"publish","type":"page","link":"https:\/\/servicio-industrial.com\/es\/acerca-de-nosotros\/","title":{"rendered":"Acerca de Nosotros"},"content":{"rendered":"\n<h2 class=\"has-large-font-size\">\u00bfQui\u00e9nes somos?<\/h2>\n\n\n\n<p class=\"has-medium-font-size\">Somos una empresa enfocada en el dise\u00f1o, c\u00e1lculo y fabricaci\u00f3n de <strong>TRANSPORTADORES DE BANDA. <\/strong>Estamos ubicados en el estado de Nuevo Le\u00f3n y contamos con un equipo de servicio y ventas para cubrir las necesidades en la industria del pa\u00eds. Contamos con m\u00e1s de 15 a\u00f1os de experiencia en la industria, con el personal capacitado en las diferentes \u00e1reas que involucran nuestros equipos y servicios.\u00a0<\/p>\n\n\n\n<div class=\"wp-block-columns\">\n<div class=\"wp-block-column\">\n<p class=\"has-medium-font-size\"><strong>Misi\u00f3n<\/strong><\/p>\n\n\n\n<p>Colaborar con nuestros clientes, desarrollando equipos de acuerdo a sus necesidades, ofreciendo un servicio de alta calidad.<\/p>\n<\/div>\n\n\n\n<div class=\"wp-block-column\">\n<p class=\"has-medium-font-size\"><strong>Visi\u00f3n<\/strong><\/p>\n\n\n\n<p>Ser el mejor colaborador de nuestros clientes, cuidando de sus necesidades, s<meta charset=\"utf-8\">er un proveedor confiable para nuestros clientes.<\/p>\n<\/div>\n<\/div>\n\n\n\n<figure class=\"wp-block-image size-large\"><img loading=\"lazy\" width=\"1024\" height=\"793\" src=\"https:\/\/servicio-industrial.com\/es\/wp-content\/uploads\/2022\/01\/Captura-de-Pantalla-2022-01-12-a-las-12.00.09-1024x793.png\" alt=\"\" class=\"wp-image-131\" srcset=\"https:\/\/servicio-industrial.com\/es\/wp-content\/uploads\/2022\/01\/Captura-de-Pantalla-2022-01-12-a-las-12.00.09-1024x793.png 1024w, https:\/\/servicio-industrial.com\/es\/wp-content\/uploads\/2022\/01\/Captura-de-Pantalla-2022-01-12-a-las-12.00.09-300x232.png 300w, https:\/\/servicio-industrial.com\/es\/wp-content\/uploads\/2022\/01\/Captura-de-Pantalla-2022-01-12-a-las-12.00.09-768x595.png 768w, https:\/\/servicio-industrial.com\/es\/wp-content\/uploads\/2022\/01\/Captura-de-Pantalla-2022-01-12-a-las-12.00.09-77x60.png 77w, https:\/\/servicio-industrial.com\/es\/wp-content\/uploads\/2022\/01\/Captura-de-Pantalla-2022-01-12-a-las-12.00.09.png 1128w\" sizes=\"(max-width: 1024px) 100vw, 1024px\" \/><\/figure>\n","protected":false},"excerpt":{"rendered":"<p>\u00bfQui\u00e9nes somos? Somos una empresa enfocada en el dise\u00f1o, c\u00e1lculo y fabricaci\u00f3n de TRANSPORTADORES DE BANDA. Estamos ubicados en el estado de Nuevo Le\u00f3n y &hellip; <\/p>\n","protected":false},"author":2,"featured_media":56,"parent":0,"menu_order":0,"comment_status":"closed","ping_status":"closed","template":"","meta":[],"yoast_head":"<!-- This site is optimized with the Yoast SEO plugin v17.9 - https:\/\/yoast.com\/wordpress\/plugins\/seo\/ -->\n<title>Acerca de Nosotros - Servicio Industrial Transportadores<\/title>\n<meta name=\"robots\" content=\"index, follow, max-snippet:-1, max-image-preview:large, max-video-preview:-1\" \/>\n<link rel=\"canonical\" href=\"https:\/\/servicio-industrial.com\/es\/acerca-de-nosotros\/\" \/>\n<meta property=\"og:locale\" content=\"es_ES\" \/>\n<meta property=\"og:type\" content=\"article\" \/>\n<meta property=\"og:title\" content=\"Acerca de Nosotros - Servicio Industrial Transportadores\" \/>\n<meta property=\"og:description\" content=\"\u00bfQui\u00e9nes somos? Somos una empresa enfocada en el dise\u00f1o, c\u00e1lculo y fabricaci\u00f3n de TRANSPORTADORES DE BANDA. Estamos ubicados en el estado de Nuevo Le\u00f3n y &hellip;\" \/>\n<meta property=\"og:url\" content=\"https:\/\/servicio-industrial.com\/es\/acerca-de-nosotros\/\" \/>\n<meta property=\"og:site_name\" content=\"Servicio Industrial Transportadores\" \/>\n<meta property=\"article:modified_time\" content=\"2022-01-12T19:51:08+00:00\" \/>\n<meta property=\"og:image\" content=\"https:\/\/servicio-industrial.com\/es\/wp-content\/uploads\/2022\/01\/Captura-de-Pantalla-2020-03-19-a-las-13.54.11.png\" \/>\n\t<meta property=\"og:image:width\" content=\"1127\" \/>\n\t<meta property=\"og:image:height\" content=\"866\" \/>\n\t<meta property=\"og:image:type\" content=\"image\/png\" \/>\n<meta name=\"twitter:card\" content=\"summary_large_image\" \/>\n<meta name=\"twitter:label1\" content=\"Tiempo de lectura\" \/>\n\t<meta name=\"twitter:data1\" content=\"1 minuto\" \/>\n<script type=\"application\/ld+json\" class=\"yoast-schema-graph\">{\"@context\":\"https:\/\/schema.org\",\"@graph\":[{\"@type\":\"WebSite\",\"@id\":\"https:\/\/servicio-industrial.com\/es\/#website\",\"url\":\"https:\/\/servicio-industrial.com\/es\/\",\"name\":\"Servicio Industrial Transportadores\",\"description\":\"\",\"potentialAction\":[{\"@type\":\"SearchAction\",\"target\":{\"@type\":\"EntryPoint\",\"urlTemplate\":\"https:\/\/servicio-industrial.com\/es\/?s={search_term_string}\"},\"query-input\":\"required name=search_term_string\"}],\"inLanguage\":\"es\"},{\"@type\":\"ImageObject\",\"@id\":\"https:\/\/servicio-industrial.com\/es\/acerca-de-nosotros\/#primaryimage\",\"inLanguage\":\"es\",\"url\":\"https:\/\/servicio-industrial.com\/es\/wp-content\/uploads\/2022\/01\/Captura-de-Pantalla-2020-03-19-a-las-13.54.11.png\",\"contentUrl\":\"https:\/\/servicio-industrial.com\/es\/wp-content\/uploads\/2022\/01\/Captura-de-Pantalla-2020-03-19-a-las-13.54.11.png\",\"width\":1127,\"height\":866},{\"@type\":\"WebPage\",\"@id\":\"https:\/\/servicio-industrial.com\/es\/acerca-de-nosotros\/#webpage\",\"url\":\"https:\/\/servicio-industrial.com\/es\/acerca-de-nosotros\/\",\"name\":\"Acerca de Nosotros - Servicio Industrial Transportadores\",\"isPartOf\":{\"@id\":\"https:\/\/servicio-industrial.com\/es\/#website\"},\"primaryImageOfPage\":{\"@id\":\"https:\/\/servicio-industrial.com\/es\/acerca-de-nosotros\/#primaryimage\"},\"datePublished\":\"2022-01-11T23:54:45+00:00\",\"dateModified\":\"2022-01-12T19:51:08+00:00\",\"breadcrumb\":{\"@id\":\"https:\/\/servicio-industrial.com\/es\/acerca-de-nosotros\/#breadcrumb\"},\"inLanguage\":\"es\",\"potentialAction\":[{\"@type\":\"ReadAction\",\"target\":[\"https:\/\/servicio-industrial.com\/es\/acerca-de-nosotros\/\"]}]},{\"@type\":\"BreadcrumbList\",\"@id\":\"https:\/\/servicio-industrial.com\/es\/acerca-de-nosotros\/#breadcrumb\",\"itemListElement\":[{\"@type\":\"ListItem\",\"position\":1,\"name\":\"Portada\",\"item\":\"https:\/\/servicio-industrial.com\/es\/\"},{\"@type\":\"ListItem\",\"position\":2,\"name\":\"Acerca de Nosotros\"}]}]}<\/script>\n<!-- \/ Yoast SEO plugin. -->","yoast_head_json":{"title":"Acerca de Nosotros - Servicio Industrial Transportadores","robots":{"index":"index","follow":"follow","max-snippet":"max-snippet:-1","max-image-preview":"max-image-preview:large","max-video-preview":"max-video-preview:-1"},"canonical":"https:\/\/servicio-industrial.com\/es\/acerca-de-nosotros\/","og_locale":"es_ES","og_type":"article","og_title":"Acerca de Nosotros - Servicio Industrial Transportadores","og_description":"\u00bfQui\u00e9nes somos? Somos una empresa enfocada en el dise\u00f1o, c\u00e1lculo y fabricaci\u00f3n de TRANSPORTADORES DE BANDA. Estamos ubicados en el estado de Nuevo Le\u00f3n y &hellip;","og_url":"https:\/\/servicio-industrial.com\/es\/acerca-de-nosotros\/","og_site_name":"Servicio Industrial Transportadores","article_modified_time":"2022-01-12T19:51:08+00:00","og_image":[{"width":1127,"height":866,"url":"https:\/\/servicio-industrial.com\/es\/wp-content\/uploads\/2022\/01\/Captura-de-Pantalla-2020-03-19-a-las-13.54.11.png","type":"image\/png"}],"twitter_card":"summary_large_image","twitter_misc":{"Tiempo de lectura":"1 minuto"},"schema":{"@context":"https:\/\/schema.org","@graph":[{"@type":"WebSite","@id":"https:\/\/servicio-industrial.com\/es\/#website","url":"https:\/\/servicio-industrial.com\/es\/","name":"Servicio Industrial Transportadores","description":"","potentialAction":[{"@type":"SearchAction","target":{"@type":"EntryPoint","urlTemplate":"https:\/\/servicio-industrial.com\/es\/?s={search_term_string}"},"query-input":"required name=search_term_string"}],"inLanguage":"es"},{"@type":"ImageObject","@id":"https:\/\/servicio-industrial.com\/es\/acerca-de-nosotros\/#primaryimage","inLanguage":"es","url":"https:\/\/servicio-industrial.com\/es\/wp-content\/uploads\/2022\/01\/Captura-de-Pantalla-2020-03-19-a-las-13.54.11.png","contentUrl":"https:\/\/servicio-industrial.com\/es\/wp-content\/uploads\/2022\/01\/Captura-de-Pantalla-2020-03-19-a-las-13.54.11.png","width":1127,"height":866},{"@type":"WebPage","@id":"https:\/\/servicio-industrial.com\/es\/acerca-de-nosotros\/#webpage","url":"https:\/\/servicio-industrial.com\/es\/acerca-de-nosotros\/","name":"Acerca de Nosotros - Servicio Industrial Transportadores","isPartOf":{"@id":"https:\/\/servicio-industrial.com\/es\/#website"},"primaryImageOfPage":{"@id":"https:\/\/servicio-industrial.com\/es\/acerca-de-nosotros\/#primaryimage"},"datePublished":"2022-01-11T23:54:45+00:00","dateModified":"2022-01-12T19:51:08+00:00","breadcrumb":{"@id":"https:\/\/servicio-industrial.com\/es\/acerca-de-nosotros\/#breadcrumb"},"inLanguage":"es","potentialAction":[{"@type":"ReadAction","target":["https:\/\/servicio-industrial.com\/es\/acerca-de-nosotros\/"]}]},{"@type":"BreadcrumbList","@id":"https:\/\/servicio-industrial.com\/es\/acerca-de-nosotros\/#breadcrumb","itemListElement":[{"@type":"ListItem","position":1,"name":"Portada","item":"https:\/\/servicio-industrial.com\/es\/"},{"@type":"ListItem","position":2,"name":"Acerca de Nosotros"}]}]}},"_links":{"self":[{"href":"https:\/\/servicio-industrial.com\/es\/wp-json\/wp\/v2\/pages\/87"}],"collection":[{"href":"https:\/\/servicio-industrial.com\/es\/wp-json\/wp\/v2\/pages"}],"about":[{"href":"https:\/\/servicio-industrial.com\/es\/wp-json\/wp\/v2\/types\/page"}],"author":[{"embeddable":true,"href":"https:\/\/servicio-industrial.com\/es\/wp-json\/wp\/v2\/users\/2"}],"replies":[{"embeddable":true,"href":"https:\/\/servicio-industrial.com\/es\/wp-json\/wp\/v2\/comments?post=87"}],"version-history":[{"count":3,"href":"https:\/\/servicio-industrial.com\/es\/wp-json\/wp\/v2\/pages\/87\/revisions"}],"predecessor-version":[{"id":132,"href":"https:\/\/servicio-industrial.com\/es\/wp-json\/wp\/v2\/pages\/87\/revisions\/132"}],"wp:featuredmedia":[{"embeddable":true,"href":"https:\/\/servicio-industrial.com\/es\/wp-json\/wp\/v2\/media\/56"}],"wp:attachment":[{"href":"https:\/\/servicio-industrial.com\/es\/wp-json\/wp\/v2\/media?parent=87"}],"curies":[{"name":"wp","href":"https:\/\/api.w.org\/{rel}","templated":true}]}}