{"id":89,"date":"2022-01-11T23:55:45","date_gmt":"2022-01-11T23:55:45","guid":{"rendered":"https:\/\/servicio-industrial.com\/es\/?page_id=89"},"modified":"2022-01-18T22:04:07","modified_gmt":"2022-01-18T22:04:07","slug":"home","status":"publish","type":"page","link":"https:\/\/servicio-industrial.com\/es\/","title":{"rendered":"Servicio Industrial Transportadores"},"content":{"rendered":"\n<p>Dise\u00f1o y fabricaci\u00f3n de <strong>BANDAS TRANSPORTADORAS, <\/strong>para los diferentes tipos de industria. Brindamos servicio de mantenimiento predictivo, preventivo y correctivo a bandas transportadoras, as\u00ed como el suministro de refacciones.<\/p>\n\n\n\n<p>Estamos ubicados en el estado de Nuevo Le\u00f3n y contamos con un equipo de servicio y ventas para cubrir las necesidades en la industria del pa\u00eds. Contamos con m\u00e1s de 15 a\u00f1os de experiencia en la industria, con el personal capacitado en las diferentes \u00e1reas que involucran nuestros equipos y servicios.&nbsp;<\/p>\n\n\n\n<hr class=\"wp-block-separator is-style-wide\"\/>\n\n\n\n<div class=\"wp-block-columns\">\n<div class=\"wp-block-column\">\n<p class=\"has-medium-font-size\"><strong>\u00a1Pide tu cotizaci\u00f3n con las medidas que necesites!<\/strong><\/p>\n\n\n\n<p>Lic. Mauricio Aguirre<\/p>\n\n\n\n<p>81 1667 5953 \/ 81 1911 7032<\/p>\n\n\n\n<p>mauricio@servicio-industrial.com<\/p>\n<\/div>\n\n\n\n<div class=\"wp-block-column\">\n<div id=\"qrcode\">\n<img src=\"https:\/\/www.codigos-qr.com\/qr\/php\/qr_img.php?d=https%3A%2F%2Fwww.youtube.com%2Fchannel%2FUCLlPcEsrQoEEKsJjvtC58HA%2Fvideos&amp;s=6&amp;e=m\" alt=\"Generador de C\u00f3digos QR Codes\">\n<br><a href=\"https:\/\/www.codigos-qr.com\/en\/qr-code-generator\/\" target=\"_blank\" rel=\"noopener\"><\/a><\/div>\n<\/div>\n<\/div>\n","protected":false},"excerpt":{"rendered":"<p>Dise\u00f1o y fabricaci\u00f3n de BANDAS TRANSPORTADORAS, para los diferentes tipos de industria. Brindamos servicio de mantenimiento predictivo, preventivo y correctivo a bandas transportadoras, as\u00ed como &hellip; <\/p>\n","protected":false},"author":2,"featured_media":0,"parent":0,"menu_order":0,"comment_status":"closed","ping_status":"closed","template":"","meta":[],"yoast_head":"<!-- This site is optimized with the Yoast SEO plugin v17.9 - https:\/\/yoast.com\/wordpress\/plugins\/seo\/ -->\n<title>Servicio Industrial Transportadores - Servicio Industrial Transportadores<\/title>\n<meta name=\"robots\" content=\"index, follow, max-snippet:-1, max-image-preview:large, max-video-preview:-1\" \/>\n<link rel=\"canonical\" href=\"https:\/\/servicio-industrial.com\/es\/\" \/>\n<meta property=\"og:locale\" content=\"es_ES\" \/>\n<meta property=\"og:type\" content=\"article\" \/>\n<meta property=\"og:title\" content=\"Servicio Industrial Transportadores - Servicio Industrial Transportadores\" \/>\n<meta property=\"og:description\" content=\"Dise\u00f1o y fabricaci\u00f3n de BANDAS TRANSPORTADORAS, para los diferentes tipos de industria. Brindamos servicio de mantenimiento predictivo, preventivo y correctivo a bandas transportadoras, as\u00ed como &hellip;\" \/>\n<meta property=\"og:url\" content=\"https:\/\/servicio-industrial.com\/es\/\" \/>\n<meta property=\"og:site_name\" content=\"Servicio Industrial Transportadores\" \/>\n<meta property=\"article:modified_time\" content=\"2022-01-18T22:04:07+00:00\" \/>\n<meta property=\"og:image\" content=\"https:\/\/www.codigos-qr.com\/qr\/php\/qr_img.php?d=https%3A%2F%2Fwww.youtube.com%2Fchannel%2FUCLlPcEsrQoEEKsJjvtC58HA%2Fvideos&#038;s=6&#038;e=m\" \/>\n<meta name=\"twitter:card\" content=\"summary_large_image\" \/>\n<meta name=\"twitter:label1\" content=\"Tiempo de lectura\" \/>\n\t<meta name=\"twitter:data1\" content=\"1 minuto\" \/>\n<script type=\"application\/ld+json\" class=\"yoast-schema-graph\">{\"@context\":\"https:\/\/schema.org\",\"@graph\":[{\"@type\":\"WebSite\",\"@id\":\"https:\/\/servicio-industrial.com\/es\/#website\",\"url\":\"https:\/\/servicio-industrial.com\/es\/\",\"name\":\"Servicio Industrial Transportadores\",\"description\":\"\",\"potentialAction\":[{\"@type\":\"SearchAction\",\"target\":{\"@type\":\"EntryPoint\",\"urlTemplate\":\"https:\/\/servicio-industrial.com\/es\/?s={search_term_string}\"},\"query-input\":\"required name=search_term_string\"}],\"inLanguage\":\"es\"},{\"@type\":\"ImageObject\",\"@id\":\"https:\/\/servicio-industrial.com\/es\/#primaryimage\",\"inLanguage\":\"es\",\"url\":\"https:\/\/www.codigos-qr.com\/qr\/php\/qr_img.php?d=https%3A%2F%2Fwww.youtube.com%2Fchannel%2FUCLlPcEsrQoEEKsJjvtC58HA%2Fvideos&amp;s=6&amp;e=m\",\"contentUrl\":\"https:\/\/www.codigos-qr.com\/qr\/php\/qr_img.php?d=https%3A%2F%2Fwww.youtube.com%2Fchannel%2FUCLlPcEsrQoEEKsJjvtC58HA%2Fvideos&amp;s=6&amp;e=m\"},{\"@type\":\"WebPage\",\"@id\":\"https:\/\/servicio-industrial.com\/es\/#webpage\",\"url\":\"https:\/\/servicio-industrial.com\/es\/\",\"name\":\"Servicio Industrial Transportadores - Servicio Industrial Transportadores\",\"isPartOf\":{\"@id\":\"https:\/\/servicio-industrial.com\/es\/#website\"},\"primaryImageOfPage\":{\"@id\":\"https:\/\/servicio-industrial.com\/es\/#primaryimage\"},\"datePublished\":\"2022-01-11T23:55:45+00:00\",\"dateModified\":\"2022-01-18T22:04:07+00:00\",\"breadcrumb\":{\"@id\":\"https:\/\/servicio-industrial.com\/es\/#breadcrumb\"},\"inLanguage\":\"es\",\"potentialAction\":[{\"@type\":\"ReadAction\",\"target\":[\"https:\/\/servicio-industrial.com\/es\/\"]}]},{\"@type\":\"BreadcrumbList\",\"@id\":\"https:\/\/servicio-industrial.com\/es\/#breadcrumb\",\"itemListElement\":[{\"@type\":\"ListItem\",\"position\":1,\"name\":\"Portada\",\"item\":\"https:\/\/servicio-industrial.com\/es\/\"},{\"@type\":\"ListItem\",\"position\":2,\"name\":\"Servicio Industrial Transportadores\"}]}]}<\/script>\n<!-- \/ Yoast SEO plugin. -->","yoast_head_json":{"title":"Servicio Industrial Transportadores - Servicio Industrial Transportadores","robots":{"index":"index","follow":"follow","max-snippet":"max-snippet:-1","max-image-preview":"max-image-preview:large","max-video-preview":"max-video-preview:-1"},"canonical":"https:\/\/servicio-industrial.com\/es\/","og_locale":"es_ES","og_type":"article","og_title":"Servicio Industrial Transportadores - Servicio Industrial Transportadores","og_description":"Dise\u00f1o y fabricaci\u00f3n de BANDAS TRANSPORTADORAS, para los diferentes tipos de industria. Brindamos servicio de mantenimiento predictivo, preventivo y correctivo a bandas transportadoras, as\u00ed como &hellip;","og_url":"https:\/\/servicio-industrial.com\/es\/","og_site_name":"Servicio Industrial Transportadores","article_modified_time":"2022-01-18T22:04:07+00:00","og_image":[{"url":"https:\/\/www.codigos-qr.com\/qr\/php\/qr_img.php?d=https%3A%2F%2Fwww.youtube.com%2Fchannel%2FUCLlPcEsrQoEEKsJjvtC58HA%2Fvideos&amp;s=6&amp;e=m"}],"twitter_card":"summary_large_image","twitter_misc":{"Tiempo de lectura":"1 minuto"},"schema":{"@context":"https:\/\/schema.org","@graph":[{"@type":"WebSite","@id":"https:\/\/servicio-industrial.com\/es\/#website","url":"https:\/\/servicio-industrial.com\/es\/","name":"Servicio Industrial Transportadores","description":"","potentialAction":[{"@type":"SearchAction","target":{"@type":"EntryPoint","urlTemplate":"https:\/\/servicio-industrial.com\/es\/?s={search_term_string}"},"query-input":"required name=search_term_string"}],"inLanguage":"es"},{"@type":"ImageObject","@id":"https:\/\/servicio-industrial.com\/es\/#primaryimage","inLanguage":"es","url":"https:\/\/www.codigos-qr.com\/qr\/php\/qr_img.php?d=https%3A%2F%2Fwww.youtube.com%2Fchannel%2FUCLlPcEsrQoEEKsJjvtC58HA%2Fvideos&amp;s=6&amp;e=m","contentUrl":"https:\/\/www.codigos-qr.com\/qr\/php\/qr_img.php?d=https%3A%2F%2Fwww.youtube.com%2Fchannel%2FUCLlPcEsrQoEEKsJjvtC58HA%2Fvideos&amp;s=6&amp;e=m"},{"@type":"WebPage","@id":"https:\/\/servicio-industrial.com\/es\/#webpage","url":"https:\/\/servicio-industrial.com\/es\/","name":"Servicio Industrial Transportadores - Servicio Industrial Transportadores","isPartOf":{"@id":"https:\/\/servicio-industrial.com\/es\/#website"},"primaryImageOfPage":{"@id":"https:\/\/servicio-industrial.com\/es\/#primaryimage"},"datePublished":"2022-01-11T23:55:45+00:00","dateModified":"2022-01-18T22:04:07+00:00","breadcrumb":{"@id":"https:\/\/servicio-industrial.com\/es\/#breadcrumb"},"inLanguage":"es","potentialAction":[{"@type":"ReadAction","target":["https:\/\/servicio-industrial.com\/es\/"]}]},{"@type":"BreadcrumbList","@id":"https:\/\/servicio-industrial.com\/es\/#breadcrumb","itemListElement":[{"@type":"ListItem","position":1,"name":"Portada","item":"https:\/\/servicio-industrial.com\/es\/"},{"@type":"ListItem","position":2,"name":"Servicio Industrial Transportadores"}]}]}},"_links":{"self":[{"href":"https:\/\/servicio-industrial.com\/es\/wp-json\/wp\/v2\/pages\/89"}],"collection":[{"href":"https:\/\/servicio-industrial.com\/es\/wp-json\/wp\/v2\/pages"}],"about":[{"href":"https:\/\/servicio-industrial.com\/es\/wp-json\/wp\/v2\/types\/page"}],"author":[{"embeddable":true,"href":"https:\/\/servicio-industrial.com\/es\/wp-json\/wp\/v2\/users\/2"}],"replies":[{"embeddable":true,"href":"https:\/\/servicio-industrial.com\/es\/wp-json\/wp\/v2\/comments?post=89"}],"version-history":[{"count":7,"href":"https:\/\/servicio-industrial.com\/es\/wp-json\/wp\/v2\/pages\/89\/revisions"}],"predecessor-version":[{"id":160,"href":"https:\/\/servicio-industrial.com\/es\/wp-json\/wp\/v2\/pages\/89\/revisions\/160"}],"wp:attachment":[{"href":"https:\/\/servicio-industrial.com\/es\/wp-json\/wp\/v2\/media?parent=89"}],"curies":[{"name":"wp","href":"https:\/\/api.w.org\/{rel}","templated":true}]}}